{"id":3,"date":"2024-10-24T13:18:20","date_gmt":"2024-10-24T12:18:20","guid":{"rendered":"http:\/\/bergstone.de\/?page_id=3"},"modified":"2026-04-13T16:13:46","modified_gmt":"2026-04-13T14:13:46","slug":"privacy-policy","status":"publish","type":"page","link":"https:\/\/bergstone.de\/de\/privacy-policy\/","title":{"rendered":"Datenschutzerkl\u00e4rung"},"content":{"rendered":"<h3>1. Name und Kontaktdaten des Verantwortlichen und des Datenschutzbeauftragten<\/h3>\n<p><strong>Managing Director: Stanislav Rayter<\/strong><\/p>\n<p><strong>Bergstone GmbH<\/strong><\/p>\n<p><strong>Kolonnenstr. 8<\/strong><\/p>\n<p><strong>10827 Berlin<\/strong><\/p>\n<p><strong>Tel: <a href=\"tel: 493025324291\">+49 30 25324291<\/a><\/strong><\/p>\n<p><strong>E-Mail: <a href=\"mailto:info@bergstone.de\">info@bergstone.de<\/a><\/strong><\/p>\n<p>Der Datenschutzbeauftragte ist unter der oben genannten Anschrift mit dem Zusatz \u201eAn den Datenschutzbeauftragten\u201c beziehungsweise unter <strong><a href=\"mailto:info@bergstone.de\">info@bergstone.de<\/a><\/strong> erreichbar.<\/p>\n<h3>2. Erhebung und Speicherung personenbezogener Daten sowie Art und Zweck von deren Verwendung und Dauer der Datenverarbeitung<\/h3>\n<h4>Beim Besuch der Website<\/h4>\n<p>Beim Aufrufen unserer Website werden durch den auf Ihrem Endger\u00e4t zum Einsatz kommenden Browser automatisch Informationen an den Server unserer Website gesendet. Diese Informationen werden tempor\u00e4r in einem sog. Logfile gespeichert. Folgende Informationen werden dabei ohne Ihr Zutun erfasst und bis zur automatisierten L\u00f6schung gespeichert (Zugriffsdaten):<\/p>\n<ul>\n<li>IP-Adresse des anfragenden Rechners,<\/li>\n<li>Datum und Uhrzeit des Zugriffs,<\/li>\n<li>Name und URL der abgerufenen Datei,<\/li>\n<li>Website, von der aus der Zugriff erfolgt (Referrer-URL),<\/li>\n<li>verwendeter Browser und das Betriebssystem Ihres Rechners sowie der Name Ihres Access-Providers.<\/li>\n<\/ul>\n<p>Die genannten Daten werden durch uns lediglich zur Sicherstellung und Verbesserung unseres Angebots verarbeitet, insbesondere zur:<\/p>\n<ul>\n<li>Gew\u00e4hrleistung eines reibungslosen Verbindungsaufbaus der Website,<\/li>\n<li>Gew\u00e4hrleistung einer komfortablen Nutzung unserer Website,<\/li>\n<li>Auswertung und Gew\u00e4hrleistung der Systemsicherheit und -stabilit\u00e4t.<\/li>\n<\/ul>\n<p>Die Rechtsgrundlage f\u00fcr die Datenverarbeitung ist Art. 6 Abs. 1 S. 1 lit. f DSGVO. Unser berechtigtes Interesse folgt aus oben aufgelisteten Zwecken zur Datenerhebung.<\/p>\n<h4>Im Zusammenhang mit Bildaufnahmen von <strong>Bergstone<\/strong>-Veranstaltungen<\/h4>\n<p>Im Rahmen von uns durchgef\u00fchrter Veranstaltungen werden wir Fotos anfertigen, die Abbildung von den Besuchern der von uns durchgef\u00fchrten Veranstaltungen enthalten k\u00f6nnen.<\/p>\n<p>Wir fertigen die Aufnahmen an, um unsere Veranstaltung bildlich zu dokumentieren und \u00fcber die Veranstaltung zu berichten. Dazu werden wir die Aufnahmen auf unseren Kan\u00e4len in beruflichen Netzwerken z.B. Linkedln, Xing und auf unseren Bergstone-Medien ver\u00f6ffentlichen.<\/p>\n<p>Die Rechtsgrundlage f\u00fcr die Datenverarbeitung ist Art. 6 Abs. 1 lit. f DSGVO. Sie haben gem\u00e4\u00df Art. 21 Abs. 1 DSGVO das Recht der Verarbeitung zu widersprechen.<\/p>\n<h4>Im Zusammenhang mit Bergstone-Kontakten, Bewerbungen sowie Marketingma\u00dfnahmen<\/h4>\n<p>Wenn Sie mit uns in Kontakt treten und Sie uns hierbei personenbezogene Daten mitteilen, werden diese von uns verarbeitet.<\/p>\n<h4>Bergstone-Kontakte allgemein:<\/h4>\n<p>Wenn Sie mit uns in Kontakt treten, verarbeiten wir folgende Informationen (soweit von Ihnen angegeben):<\/p>\n<ul>\n<li>Anrede, Titel, Vorname, Nachname<\/li>\n<li>Firma<\/li>\n<li>E-Mail-Adresse<\/li>\n<li>Anschrift<\/li>\n<li>Telefonnummer (Festnetz und\/oder Mobilfunk)<\/li>\n<li>Ggf. weitere mitgeteilte Informationen (Visitenkarte).<\/li>\n<\/ul>\n<p>Die Rechtsgrundlage f\u00fcr die Datenverarbeitung ist Art. 6 Abs. 1 S. 1 lit. f DSGVO.<\/p>\n<h4>Bewerbungen:<\/h4>\n<p>Soweit Sie sich bei uns auf eine Stelle bewerben, verarbeiten wir Ihre Bewerbungsunterlagen. Die Verarbeitung erfolgt zum Zweck der Durchf\u00fchrung des Bewerbungsverfahrens. Rechtsgrundlage ist \u00a7 26 Abs. 1 BDSG.<\/p>\n<h4>Recht auf Widerruf<\/h4>\n<p>Ihre Einwilligung k\u00f6nnen Sie jederzeit mit Wirkung f\u00fcr die Zukunft gem\u00e4\u00df Art. 7 Abs. 3 DSGVO widerrufen, indem Sie eine E-Mail mit dem Betreff &#8220;Widerruf der Einwilligung&#8221; an <a href=\"mailto:info@bergstone.de\"><strong>info@bergstone.de<\/strong><\/a> senden.<\/p>\n<h3>3. Dauer der Datenverarbeitung<\/h3>\n<p>Wir speichern Ihre Daten nur so lange, wie es zur Erf\u00fcllung des Zwecks der Verarbeitung erforderlich ist. Die bei Besuch der Website erhobenen Daten speichern wir grunds\u00e4tzlich f\u00fcr eine Dauer von 3 Tagen. Bewerbungsdaten l\u00f6schen wir sechs Monate nach Beendigung des Bewerbungsverfahrens. Zahlungsdaten werden nach den Vorgaben der Abgabenordnung (\u00a7 147 Abs. 4 AO) mindestens 10 Jahre gespeichert.<\/p>\n<h3>4. Weitergabe von Daten<\/h3>\n<p>Eine \u00dcbermittlung Ihrer pers\u00f6nlichen Daten an Dritte findet nur statt, wenn Sie eingewilligt haben, dies gesetzlich zul\u00e4ssig und erforderlich ist, eine gesetzliche Verpflichtung besteht oder es zur Geltendmachung von Rechtsanspr\u00fcchen erforderlich ist.<\/p>\n<p>Zu den von uns eingesetzten Dienstleistern z\u00e4hlen u. a.: IT-Dienstleister, Hosting-Dienstleister, Software-Dienstleister sowie \u00dcbersetzungstools.<\/p>\n<h3>5. Betroffenenrechte<\/h3>\n<p>Sie haben das <strong>Recht auf Auskunft, Berichtigung, L\u00f6schung, Einschr\u00e4nkung der Verarbeitung, Widerspruch, Daten\u00fcbertragbarkeit und Beschwerde bei einer Aufsichtsbeh\u00f6rde<\/strong> gem\u00e4\u00df Art. 15\u201321, 77 DSGVO. Zur Aus\u00fcbung Ihrer Rechte wenden Sie sich bitte an <a href=\"mailto:info@bergstone.de\"><strong>info@bergstone.de<\/strong><\/a>.<\/p>\n<h3>6. Analyse-Tool<\/h3>\n<h4>Webanalysedienst<\/h4>\n<p>Unsere Website benutzt den Open Source Webanalysedienst Matomo. Wir setzen IP-Anonymisierung ein und haben Matomo so konfiguriert, dass keine Cookies gespeichert werden. Matomo wird ausschlie\u00dflich auf unseren eigenen Servern gehostet, sodass alle Analysedaten bei uns verbleiben und nicht weitergegeben werden.<\/p>\n<p>Die Nutzung erfolgt auf Grundlage von Art. 6 Abs. 1 lit. f DSGVO.<\/p>\n<h3>7. Aktualit\u00e4t und \u00c4nderung dieser Datenschutzerkl\u00e4rung<\/h3>\n<p>Diese Datenschutzerkl\u00e4rung ist aktuell g\u00fcltig und hat den Stand Februar 2025.<\/p>\n<p>Durch die Weiterentwicklung unserer Website oder aufgrund ge\u00e4nderter gesetzlicher Vorgaben kann es notwendig werden, diese Datenschutzerkl\u00e4rung zu \u00e4ndern.<\/p>","protected":false},"excerpt":{"rendered":"<p>1. Name und Kontaktdaten des Verantwortlichen und des Datenschutzbeauftragten Managing Director: Stanislav Rayter Bergstone GmbH Kolonnenstr. 8 10827 Berlin Tel: +49 30 25324291 E-Mail: info@bergstone.de Der Datenschutzbeauftragte ist unter der oben genannten Anschrift mit dem Zusatz \u201eAn den Datenschutzbeauftragten\u201c beziehungsweise unter info@bergstone.de erreichbar. 2. Erhebung und Speicherung personenbezogener Daten sowie Art und Zweck von deren [&hellip;]<\/p>","protected":false},"author":1,"featured_media":0,"parent":0,"menu_order":0,"comment_status":"closed","ping_status":"open","template":"elementor_header_footer","meta":{"footnotes":""},"class_list":["post-3","page","type-page","status-publish","hentry"],"yoast_head":"<!-- This site is optimized with the Yoast SEO plugin v24.3 - https:\/\/yoast.com\/wordpress\/plugins\/seo\/ -->\n<title>Datenschutzerkl\u00e4rung - Bergstone<\/title>\n<meta name=\"robots\" content=\"index, follow, max-snippet:-1, max-image-preview:large, max-video-preview:-1\" \/>\n<link rel=\"canonical\" href=\"https:\/\/bergstone.de\/de\/privacy-policy\/\" \/>\n<meta property=\"og:locale\" content=\"de_DE\" \/>\n<meta property=\"og:type\" content=\"article\" \/>\n<meta property=\"og:title\" content=\"Datenschutzerkl\u00e4rung - Bergstone\" \/>\n<meta property=\"og:description\" content=\"1. Name und Kontaktdaten des Verantwortlichen und des Datenschutzbeauftragten Managing Director: Stanislav Rayter Bergstone GmbH Kolonnenstr. 8 10827 Berlin Tel: +49 30 25324291 E-Mail: info@bergstone.de Der Datenschutzbeauftragte ist unter der oben genannten Anschrift mit dem Zusatz \u201eAn den Datenschutzbeauftragten\u201c beziehungsweise unter info@bergstone.de erreichbar. 2. Erhebung und Speicherung personenbezogener Daten sowie Art und Zweck von deren [&hellip;]\" \/>\n<meta property=\"og:url\" content=\"https:\/\/bergstone.de\/de\/privacy-policy\/\" \/>\n<meta property=\"og:site_name\" content=\"Bergstone\" \/>\n<meta property=\"article:modified_time\" content=\"2026-04-13T14:13:46+00:00\" \/>\n<meta name=\"twitter:card\" content=\"summary_large_image\" \/>\n<meta name=\"twitter:label1\" content=\"Gesch\u00e4tzte Lesezeit\" \/>\n\t<meta name=\"twitter:data1\" content=\"3\u00a0Minuten\" \/>\n<script type=\"application\/ld+json\" class=\"yoast-schema-graph\">{\"@context\":\"https:\/\/schema.org\",\"@graph\":[{\"@type\":\"WebPage\",\"@id\":\"https:\/\/bergstone.de\/privacy-policy\/\",\"url\":\"https:\/\/bergstone.de\/privacy-policy\/\",\"name\":\"Datenschutzerkl\u00e4rung - Bergstone\",\"isPartOf\":{\"@id\":\"https:\/\/bergstone.de\/#website\"},\"datePublished\":\"2024-10-24T12:18:20+00:00\",\"dateModified\":\"2026-04-13T14:13:46+00:00\",\"breadcrumb\":{\"@id\":\"https:\/\/bergstone.de\/privacy-policy\/#breadcrumb\"},\"inLanguage\":\"de\",\"potentialAction\":[{\"@type\":\"ReadAction\",\"target\":[\"https:\/\/bergstone.de\/privacy-policy\/\"]}]},{\"@type\":\"BreadcrumbList\",\"@id\":\"https:\/\/bergstone.de\/privacy-policy\/#breadcrumb\",\"itemListElement\":[{\"@type\":\"ListItem\",\"position\":1,\"name\":\"Home\",\"item\":\"https:\/\/bergstone.de\/\"},{\"@type\":\"ListItem\",\"position\":2,\"name\":\"Datenschutzerkl\u00e4rung\"}]},{\"@type\":\"WebSite\",\"@id\":\"https:\/\/bergstone.de\/#website\",\"url\":\"https:\/\/bergstone.de\/\",\"name\":\"Bergstone\",\"description\":\"Consulting group\",\"publisher\":{\"@id\":\"https:\/\/bergstone.de\/#organization\"},\"potentialAction\":[{\"@type\":\"SearchAction\",\"target\":{\"@type\":\"EntryPoint\",\"urlTemplate\":\"https:\/\/bergstone.de\/?s={search_term_string}\"},\"query-input\":{\"@type\":\"PropertyValueSpecification\",\"valueRequired\":true,\"valueName\":\"search_term_string\"}}],\"inLanguage\":\"de\"},{\"@type\":\"Organization\",\"@id\":\"https:\/\/bergstone.de\/#organization\",\"name\":\"Bergstone\",\"url\":\"https:\/\/bergstone.de\/\",\"logo\":{\"@type\":\"ImageObject\",\"inLanguage\":\"de\",\"@id\":\"https:\/\/bergstone.de\/#\/schema\/logo\/image\/\",\"url\":\"https:\/\/bergstone.de\/wp-content\/uploads\/2024\/11\/favicn1.svg\",\"contentUrl\":\"https:\/\/bergstone.de\/wp-content\/uploads\/2024\/11\/favicn1.svg\",\"width\":516,\"height\":516,\"caption\":\"Bergstone\"},\"image\":{\"@id\":\"https:\/\/bergstone.de\/#\/schema\/logo\/image\/\"}}]}<\/script>\n<!-- \/ Yoast SEO plugin. -->","yoast_head_json":{"title":"Datenschutzerkl\u00e4rung - Bergstone","robots":{"index":"index","follow":"follow","max-snippet":"max-snippet:-1","max-image-preview":"max-image-preview:large","max-video-preview":"max-video-preview:-1"},"canonical":"https:\/\/bergstone.de\/de\/privacy-policy\/","og_locale":"de_DE","og_type":"article","og_title":"Datenschutzerkl\u00e4rung - Bergstone","og_description":"1. Name und Kontaktdaten des Verantwortlichen und des Datenschutzbeauftragten Managing Director: Stanislav Rayter Bergstone GmbH Kolonnenstr. 8 10827 Berlin Tel: +49 30 25324291 E-Mail: info@bergstone.de Der Datenschutzbeauftragte ist unter der oben genannten Anschrift mit dem Zusatz \u201eAn den Datenschutzbeauftragten\u201c beziehungsweise unter info@bergstone.de erreichbar. 2. Erhebung und Speicherung personenbezogener Daten sowie Art und Zweck von deren [&hellip;]","og_url":"https:\/\/bergstone.de\/de\/privacy-policy\/","og_site_name":"Bergstone","article_modified_time":"2026-04-13T14:13:46+00:00","twitter_card":"summary_large_image","twitter_misc":{"Gesch\u00e4tzte Lesezeit":"3\u00a0Minuten"},"schema":{"@context":"https:\/\/schema.org","@graph":[{"@type":"WebPage","@id":"https:\/\/bergstone.de\/privacy-policy\/","url":"https:\/\/bergstone.de\/privacy-policy\/","name":"Datenschutzerkl\u00e4rung - Bergstone","isPartOf":{"@id":"https:\/\/bergstone.de\/#website"},"datePublished":"2024-10-24T12:18:20+00:00","dateModified":"2026-04-13T14:13:46+00:00","breadcrumb":{"@id":"https:\/\/bergstone.de\/privacy-policy\/#breadcrumb"},"inLanguage":"de","potentialAction":[{"@type":"ReadAction","target":["https:\/\/bergstone.de\/privacy-policy\/"]}]},{"@type":"BreadcrumbList","@id":"https:\/\/bergstone.de\/privacy-policy\/#breadcrumb","itemListElement":[{"@type":"ListItem","position":1,"name":"Home","item":"https:\/\/bergstone.de\/"},{"@type":"ListItem","position":2,"name":"Datenschutzerkl\u00e4rung"}]},{"@type":"WebSite","@id":"https:\/\/bergstone.de\/#website","url":"https:\/\/bergstone.de\/","name":"Bergstone","description":"Consulting group","publisher":{"@id":"https:\/\/bergstone.de\/#organization"},"potentialAction":[{"@type":"SearchAction","target":{"@type":"EntryPoint","urlTemplate":"https:\/\/bergstone.de\/?s={search_term_string}"},"query-input":{"@type":"PropertyValueSpecification","valueRequired":true,"valueName":"search_term_string"}}],"inLanguage":"de"},{"@type":"Organization","@id":"https:\/\/bergstone.de\/#organization","name":"Bergstone","url":"https:\/\/bergstone.de\/","logo":{"@type":"ImageObject","inLanguage":"de","@id":"https:\/\/bergstone.de\/#\/schema\/logo\/image\/","url":"https:\/\/bergstone.de\/wp-content\/uploads\/2024\/11\/favicn1.svg","contentUrl":"https:\/\/bergstone.de\/wp-content\/uploads\/2024\/11\/favicn1.svg","width":516,"height":516,"caption":"Bergstone"},"image":{"@id":"https:\/\/bergstone.de\/#\/schema\/logo\/image\/"}}]}},"_links":{"self":[{"href":"https:\/\/bergstone.de\/de\/wp-json\/wp\/v2\/pages\/3","targetHints":{"allow":["GET"]}}],"collection":[{"href":"https:\/\/bergstone.de\/de\/wp-json\/wp\/v2\/pages"}],"about":[{"href":"https:\/\/bergstone.de\/de\/wp-json\/wp\/v2\/types\/page"}],"author":[{"embeddable":true,"href":"https:\/\/bergstone.de\/de\/wp-json\/wp\/v2\/users\/1"}],"replies":[{"embeddable":true,"href":"https:\/\/bergstone.de\/de\/wp-json\/wp\/v2\/comments?post=3"}],"version-history":[{"count":20,"href":"https:\/\/bergstone.de\/de\/wp-json\/wp\/v2\/pages\/3\/revisions"}],"predecessor-version":[{"id":2005,"href":"https:\/\/bergstone.de\/de\/wp-json\/wp\/v2\/pages\/3\/revisions\/2005"}],"wp:attachment":[{"href":"https:\/\/bergstone.de\/de\/wp-json\/wp\/v2\/media?parent=3"}],"curies":[{"name":"wp","href":"https:\/\/api.w.org\/{rel}","templated":true}]}}